{"id":440,"date":"2024-01-24T19:42:43","date_gmt":"2024-01-24T18:42:43","guid":{"rendered":"https:\/\/vemove.de\/clients\/"},"modified":"2026-02-11T10:53:52","modified_gmt":"2026-02-11T09:53:52","slug":"clients","status":"publish","type":"page","link":"https:\/\/vemove.de\/en\/clients\/","title":{"rendered":"Clients"},"content":{"rendered":"\n\n\t\t\t\t\t\t<figure>\n\t\t\t\t\t\t\t<img loading=\"lazy\" decoding=\"async\" src=\"https:\/\/vemove.de\/wp-content\/uploads\/2024\/01\/Euromaster.jpg\" alt=\"\" srcset=\"https:\/\/vemove.de\/wp-content\/uploads\/2024\/01\/Euromaster.jpg 328w, https:\/\/vemove.de\/wp-content\/uploads\/2024\/01\/Euromaster-300x69.jpg 300w\" width=\"328\" height=\"75\" \/>\n\t\t\t\t\t\t\t\t\t\t\t\t\t<\/figure>\n\t\t\t\t\t\t<figure>\n\t\t\t\t\t\t\t<img loading=\"lazy\" decoding=\"async\" src=\"https:\/\/vemove.de\/wp-content\/uploads\/2024\/06\/Telekom-Mobility-Solution2.png\" alt=\"\" srcset=\"https:\/\/vemove.de\/wp-content\/uploads\/2024\/06\/Telekom-Mobility-Solution2.png 620w, https:\/\/vemove.de\/wp-content\/uploads\/2024\/06\/Telekom-Mobility-Solution2-300x135.png 300w\" width=\"620\" height=\"280\" \/>\n\t\t\t\t\t\t\t\t\t\t\t\t\t<\/figure>\n\t\t\t\t\t\t<figure>\n\t\t\t\t\t\t\t<img loading=\"lazy\" decoding=\"async\" src=\"https:\/\/vemove.de\/wp-content\/uploads\/2024\/03\/NIO_logo.png\" alt=\"NIO\" srcset=\"https:\/\/vemove.de\/wp-content\/uploads\/2024\/03\/NIO_logo.png 800w, https:\/\/vemove.de\/wp-content\/uploads\/2024\/03\/NIO_logo-300x112.png 300w, https:\/\/vemove.de\/wp-content\/uploads\/2024\/03\/NIO_logo-768x286.png 768w\" width=\"800\" height=\"298\" \/>\n\t\t\t\t\t\t\t\t\t\t\t\t\t<\/figure>\n\t\t\t\t\t\t<figure>\n\t\t\t\t\t\t\t<img loading=\"lazy\" decoding=\"async\" src=\"https:\/\/vemove.de\/wp-content\/uploads\/2024\/01\/anag-1.png\" alt=\"\" srcset=\"https:\/\/vemove.de\/wp-content\/uploads\/2024\/01\/anag-1.png 372w, https:\/\/vemove.de\/wp-content\/uploads\/2024\/01\/anag-1-300x60.png 300w\" width=\"372\" height=\"75\" \/>\n\t\t\t\t\t\t\t\t\t\t\t\t\t<\/figure>\n\t\t\t\t\t\t<figure>\n\t\t\t\t\t\t\t<img loading=\"lazy\" decoding=\"async\" src=\"https:\/\/vemove.de\/wp-content\/uploads\/2024\/01\/coxautomotive.png\" alt=\"\" srcset=\"https:\/\/vemove.de\/wp-content\/uploads\/2024\/01\/coxautomotive.png 417w, https:\/\/vemove.de\/wp-content\/uploads\/2024\/01\/coxautomotive-300x54.png 300w\" width=\"417\" height=\"75\" \/>\n\t\t\t\t\t\t\t\t\t\t\t\t\t<\/figure>\n\t\t\t\t\t\t<figure>\n\t\t\t\t\t\t\t<img loading=\"lazy\" decoding=\"async\" src=\"https:\/\/vemove.de\/wp-content\/uploads\/2024\/09\/Screenshot-2024-09-18-084744.png\" alt=\"\" srcset=\"https:\/\/vemove.de\/wp-content\/uploads\/2024\/09\/Screenshot-2024-09-18-084744.png 900w, https:\/\/vemove.de\/wp-content\/uploads\/2024\/09\/Screenshot-2024-09-18-084744-300x125.png 300w, https:\/\/vemove.de\/wp-content\/uploads\/2024\/09\/Screenshot-2024-09-18-084744-768x321.png 768w\" width=\"900\" height=\"376\" \/>\n\t\t\t\t\t\t\t\t\t\t\t\t\t<\/figure>\n\t\t\t\t\t\t<figure>\n\t\t\t\t\t\t\t<img loading=\"lazy\" decoding=\"async\" src=\"https:\/\/vemove.de\/wp-content\/uploads\/2024\/01\/schnitzler-1.png\" alt=\"\" width=\"264\" height=\"75\" \/>\n\t\t\t\t\t\t\t\t\t\t\t\t\t<\/figure>\n\t\t\t\t\t\t<figure>\n\t\t\t\t\t\t\t<img loading=\"lazy\" decoding=\"async\" src=\"https:\/\/vemove.de\/wp-content\/uploads\/2024\/01\/fleetpool-1.png\" alt=\"\" width=\"227\" height=\"75\" \/>\n\t\t\t\t\t\t\t\t\t\t\t\t\t<\/figure>\n\t\t\t\t\t\t<figure>\n\t\t\t\t\t\t\t<img loading=\"lazy\" decoding=\"async\" src=\"https:\/\/vemove.de\/wp-content\/uploads\/2024\/01\/Sixt-1.png\" alt=\"\" width=\"150\" height=\"75\" \/>\n\t\t\t\t\t\t\t\t\t\t\t\t\t<\/figure>\n\t\t\t\t\t\t<figure>\n\t\t\t\t\t\t\t<img loading=\"lazy\" decoding=\"async\" src=\"https:\/\/vemove.de\/wp-content\/uploads\/2024\/03\/BYD_Auto_2022_logo.png\" alt=\"BYD\" srcset=\"https:\/\/vemove.de\/wp-content\/uploads\/2024\/03\/BYD_Auto_2022_logo.png 800w, https:\/\/vemove.de\/wp-content\/uploads\/2024\/03\/BYD_Auto_2022_logo-300x75.png 300w, https:\/\/vemove.de\/wp-content\/uploads\/2024\/03\/BYD_Auto_2022_logo-768x192.png 768w\" width=\"800\" height=\"200\" \/>\n\t\t\t\t\t\t\t\t\t\t\t\t\t<\/figure>\n\t\t\t\t\t\t<figure>\n\t\t\t\t\t\t\t<img loading=\"lazy\" decoding=\"async\" src=\"https:\/\/vemove.de\/wp-content\/uploads\/2024\/03\/Hedin_Logo.png\" alt=\"Hedin\" srcset=\"https:\/\/vemove.de\/wp-content\/uploads\/2024\/03\/Hedin_Logo.png 900w, https:\/\/vemove.de\/wp-content\/uploads\/2024\/03\/Hedin_Logo-300x122.png 300w, https:\/\/vemove.de\/wp-content\/uploads\/2024\/03\/Hedin_Logo-768x311.png 768w\" width=\"900\" height=\"365\" \/>\n\t\t\t\t\t\t\t\t\t\t\t\t\t<\/figure>\n\t\t\t\t\t\t<figure>\n\t\t\t\t\t\t\t<img loading=\"lazy\" decoding=\"async\" src=\"https:\/\/vemove.de\/wp-content\/uploads\/2024\/01\/Autoproff.png\" alt=\"\" srcset=\"https:\/\/vemove.de\/wp-content\/uploads\/2024\/01\/Autoproff.png 481w, https:\/\/vemove.de\/wp-content\/uploads\/2024\/01\/Autoproff-300x47.png 300w\" width=\"481\" height=\"75\" \/>\n\t\t\t\t\t\t\t\t\t\t\t\t\t<\/figure>\n\t\t\t\t\t\t<figure>\n\t\t\t\t\t\t\t<img loading=\"lazy\" decoding=\"async\" src=\"https:\/\/vemove.de\/wp-content\/uploads\/2024\/01\/VinFast-1.png\" alt=\"\" width=\"220\" height=\"75\" \/>\n\t\t\t\t\t\t\t\t\t\t\t\t\t<\/figure>\n\t\t\t\t\t\t<figure>\n\t\t\t\t\t\t\t<img loading=\"lazy\" decoding=\"async\" src=\"https:\/\/vemove.de\/wp-content\/uploads\/2024\/01\/AVAG_Holding_AG_logo.svg-1.png\" alt=\"\" srcset=\"https:\/\/vemove.de\/wp-content\/uploads\/2024\/01\/AVAG_Holding_AG_logo.svg-1.png 382w, https:\/\/vemove.de\/wp-content\/uploads\/2024\/01\/AVAG_Holding_AG_logo.svg-1-300x59.png 300w\" width=\"382\" height=\"75\" \/>\n\t\t\t\t\t\t\t\t\t\t\t\t\t<\/figure>\n\t\t\t\t\t\t<figure>\n\t\t\t\t\t\t\t<img loading=\"lazy\" decoding=\"async\" src=\"https:\/\/vemove.de\/wp-content\/uploads\/2024\/03\/openlane-logo.png\" alt=\"\" width=\"234\" height=\"55\" \/>\n\t\t\t\t\t\t\t\t\t\t\t\t\t<\/figure>\n\t\t\t\t\t\t<figure>\n\t\t\t\t\t\t\t<img loading=\"lazy\" decoding=\"async\" src=\"https:\/\/vemove.de\/wp-content\/uploads\/2024\/01\/Stellantis.png\" alt=\"\" srcset=\"https:\/\/vemove.de\/wp-content\/uploads\/2024\/01\/Stellantis.png 354w, https:\/\/vemove.de\/wp-content\/uploads\/2024\/01\/Stellantis-300x64.png 300w\" width=\"354\" height=\"75\" \/>\n\t\t\t\t\t\t\t\t\t\t\t\t\t<\/figure>\n\t\t\t\t\t\t<figure>\n\t\t\t\t\t\t\t<img loading=\"lazy\" decoding=\"async\" src=\"https:\/\/vemove.de\/wp-content\/uploads\/2024\/01\/Europcar.jpg\" alt=\"\" width=\"294\" height=\"75\" \/>\n\t\t\t\t\t\t\t\t\t\t\t\t\t<\/figure>\n\t\t\t\t\t\t<figure>\n\t\t\t\t\t\t\t<img loading=\"lazy\" decoding=\"async\" src=\"https:\/\/vemove.de\/wp-content\/uploads\/2024\/09\/arndt-removebg-preview.png\" alt=\"\" srcset=\"https:\/\/vemove.de\/wp-content\/uploads\/2024\/09\/arndt-removebg-preview.png 417w, https:\/\/vemove.de\/wp-content\/uploads\/2024\/09\/arndt-removebg-preview-300x98.png 300w\" width=\"417\" height=\"136\" \/>\n\t\t\t\t\t\t\t\t\t\t\t\t\t<\/figure>\n\t\t\t\t\t<h2>\n\t\t\tIn nur 3 Schritten zu mehr Effizienz f\u00fcr Ihre Flottentransporte\t<\/h2>\n\t\t<ul>\n\t\t\t\t\t<li>\n\t\t\t\t<p>Konto er\u00f6ffnen \/ Anmelden<\/p>\n\t\t\t<\/li>\n\t\t\t\t\t<li>\n\t\t\t\t<p>Auftrag erstellen<\/p>\n\t\t\t<\/li>\n\t\t\t\t\t<li>\n\t\t\t\t<p>Fahrzeuge transportieren lassen<\/p>\n\t\t\t<\/li>\n\t\t\t\t<\/ul>\n<h2>\n\t\t\tIhre Vorteile auf einen Blick\t<\/h2>\n\t\t\t\t\t\t<h4>Unkomplizierte Abwicklung<\/h4>\t\t\t\t\t\n\t\t\t\t\t<p>Nachdem Sie Ihren Auftrag aufgegeben haben, organisieren wir den Transport von Abholung bis Anlieferung.<\/p>\t\t\t\t\n\t\t\t\t\t\t<h4>Einfache Kommunikation<\/h4>\t\t\t\t\t\n\t\t\t\t\t<p>Unsere Logistikexperten stehen Ihnen schnell und unkompliziert zur Seite.<\/p>\t\t\t\t\n\t\t\t\t<img decoding=\"async\" src=\"https:\/\/vemove.de\/wp-content\/uploads\/2024\/01\/phone.png\" alt=\"phone\" itemprop=\"image\" height=\"1288\" width=\"824\" title=\"phone\" onerror=\"this.style.display='none'\" loading=\"lazy\" \/>\n<h2>\n\t\t\tJetzt alle Vorteile sichern!\t<\/h2>\n\t\t\t<a href=\"https:\/\/calendly.com\/vemove\/vemove-de-vorstellung\" target=\"_blank\" rel=\"noopener\">\n\t\t\t\t\t\t\tTermin vereinbaren\n\t\t\t\t\t<\/a>\n\t\t\t\t<img decoding=\"async\" src=\"https:\/\/vemove.de\/wp-content\/uploads\/2024\/03\/vemove-fahrzeuglogistik-fahrzeugtransporte-optimieren.jpg\" alt=\"Vemove Fahrzeuglogistik - Fahrzeugtransporte optimieren\" itemprop=\"image\" height=\"800\" width=\"1200\" title=\"vemove-fahrzeuglogistik-fahrzeugtransporte-optimieren\" onerror=\"this.style.display='none'\" loading=\"lazy\" \/>\n<h2>\n\t\t\tMit vemove Ihre Fahrzeugtransporte optimieren\t<\/h2>\n\t<p>Bei uns steht eine reibungslose Fahrzeuglogistik im Mittelpunkt. Wir garantieren eine nahtlose Abwicklung des Transportprozesses, sodass Sie sich keine Sorgen um Probleme oder Verz\u00f6gerungen machen m\u00fcssen.<\/p>\n<p>Ein transparenter Transfer Ihrer Fahrzeuge ist f\u00fcr uns selbstverst\u00e4ndlich. Wir legen gro\u00dfen Wert darauf, dass der gesamte Prozess klar und verst\u00e4ndlich ist, ohne versteckte Kosten oder unklare Abl\u00e4ufe. Sie k\u00f6nnen sich jederzeit darauf verlassen, dass Sie den vollen \u00dcberblick \u00fcber Ihre Ausgaben haben.<\/p>\n<p>Dank unseres innovativen Systems gestalten wir den Transport Ihrer Fahrzeuge einfach und stressfrei. Wir \u00fcbernehmen die gesamte Organisation, Planung und Durchf\u00fchrung des Auftrags. Verlassen Sie sich darauf, dass alles reibungslos abl\u00e4uft, w\u00e4hrend Sie sich entspannen k\u00f6nnen.<\/p>\n<p>Sie behalten stets den \u00dcberblick. Wir stellen sicher, dass Sie jederzeit Zugriff auf Informationen \u00fcber den Status Ihres Transports haben und Sie \u00fcber den Fortschritt informiert bleiben. Bei vemove stehen Transparenz und Kundenzufriedenheit an erster Stelle.<\/p>\n<h2>\n\t\t\tJetzt einen Termin  mit unseren  Logistik-Experten vereinbaren\t<\/h2>\n\t\t\t<a href=\"https:\/\/calendly.com\/vemove\/vemove-de-vorstellung\" target=\"_self\" rel=\"noopener\">\n\t\t\t\t\t\t\tTermin vereinbaren\n\t\t\t\t\t<\/a>\n\n","protected":false},"excerpt":{"rendered":"<p>In nur 3 Schritten zu mehr Effizienz f\u00fcr Ihre Flottentransporte Konto er\u00f6ffnen \/ Anmelden Auftrag erstellen Fahrzeuge transportieren lassen Ihre Vorteile auf einen Blick Unkomplizierte Abwicklung Nachdem Sie Ihren Auftrag aufgegeben haben, organisieren wir den Transport von Abholung bis Anlieferung. Einfache Kommunikation Unsere Logistikexperten stehen Ihnen schnell und unkompliziert zur Seite. Jetzt alle Vorteile sichern!&hellip;<\/p>\n","protected":false},"author":1,"featured_media":0,"parent":0,"menu_order":1,"comment_status":"closed","ping_status":"closed","template":"","meta":{"content-type":"","footnotes":""},"class_list":["post-440","page","type-page","status-publish","hentry"],"_links":{"self":[{"href":"https:\/\/vemove.de\/en\/wp-json\/wp\/v2\/pages\/440","targetHints":{"allow":["GET"]}}],"collection":[{"href":"https:\/\/vemove.de\/en\/wp-json\/wp\/v2\/pages"}],"about":[{"href":"https:\/\/vemove.de\/en\/wp-json\/wp\/v2\/types\/page"}],"author":[{"embeddable":true,"href":"https:\/\/vemove.de\/en\/wp-json\/wp\/v2\/users\/1"}],"replies":[{"embeddable":true,"href":"https:\/\/vemove.de\/en\/wp-json\/wp\/v2\/comments?post=440"}],"version-history":[{"count":2,"href":"https:\/\/vemove.de\/en\/wp-json\/wp\/v2\/pages\/440\/revisions"}],"predecessor-version":[{"id":1007,"href":"https:\/\/vemove.de\/en\/wp-json\/wp\/v2\/pages\/440\/revisions\/1007"}],"wp:attachment":[{"href":"https:\/\/vemove.de\/en\/wp-json\/wp\/v2\/media?parent=440"}],"curies":[{"name":"wp","href":"https:\/\/api.w.org\/{rel}","templated":true}]}}