{"id":441,"date":"2024-01-24T19:42:43","date_gmt":"2024-01-24T18:42:43","guid":{"rendered":"https:\/\/vemove.de\/carriers\/"},"modified":"2025-12-08T11:48:11","modified_gmt":"2025-12-08T10:48:11","slug":"carriers","status":"publish","type":"page","link":"https:\/\/vemove.de\/en\/carriers\/","title":{"rendered":"Carriers"},"content":{"rendered":"\n\n\t\t\t\t\t\t<figure>\n\t\t\t\t\t\t\t<img loading=\"lazy\" decoding=\"async\" src=\"https:\/\/vemove.de\/wp-content\/uploads\/2024\/01\/Sixt-1.png\" alt=\"\" width=\"150\" height=\"75\" \/>\n\t\t\t\t\t\t\t\t\t\t\t\t\t<\/figure>\n\t\t\t\t\t\t<figure>\n\t\t\t\t\t\t\t<img loading=\"lazy\" decoding=\"async\" src=\"https:\/\/vemove.de\/wp-content\/uploads\/2024\/01\/VinFast-1.png\" alt=\"\" width=\"220\" height=\"75\" \/>\n\t\t\t\t\t\t\t\t\t\t\t\t\t<\/figure>\n\t\t\t\t\t\t<figure>\n\t\t\t\t\t\t\t<img loading=\"lazy\" decoding=\"async\" src=\"https:\/\/vemove.de\/wp-content\/uploads\/2024\/03\/Hedin_Logo.png\" alt=\"Hedin\" srcset=\"https:\/\/vemove.de\/wp-content\/uploads\/2024\/03\/Hedin_Logo.png 900w, https:\/\/vemove.de\/wp-content\/uploads\/2024\/03\/Hedin_Logo-300x122.png 300w, https:\/\/vemove.de\/wp-content\/uploads\/2024\/03\/Hedin_Logo-768x311.png 768w\" width=\"900\" height=\"365\" \/>\n\t\t\t\t\t\t\t\t\t\t\t\t\t<\/figure>\n\t\t\t\t\t\t<figure>\n\t\t\t\t\t\t\t<img loading=\"lazy\" decoding=\"async\" src=\"https:\/\/vemove.de\/wp-content\/uploads\/2024\/01\/AVAG_Holding_AG_logo.svg-1.png\" alt=\"\" srcset=\"https:\/\/vemove.de\/wp-content\/uploads\/2024\/01\/AVAG_Holding_AG_logo.svg-1.png 382w, https:\/\/vemove.de\/wp-content\/uploads\/2024\/01\/AVAG_Holding_AG_logo.svg-1-300x59.png 300w\" width=\"382\" height=\"75\" \/>\n\t\t\t\t\t\t\t\t\t\t\t\t\t<\/figure>\n\t\t\t\t\t\t<figure>\n\t\t\t\t\t\t\t<img loading=\"lazy\" decoding=\"async\" src=\"https:\/\/vemove.de\/wp-content\/uploads\/2024\/06\/Telekom-Mobility-Solution2.png\" alt=\"\" srcset=\"https:\/\/vemove.de\/wp-content\/uploads\/2024\/06\/Telekom-Mobility-Solution2.png 620w, https:\/\/vemove.de\/wp-content\/uploads\/2024\/06\/Telekom-Mobility-Solution2-300x135.png 300w\" width=\"620\" height=\"280\" \/>\n\t\t\t\t\t\t\t\t\t\t\t\t\t<\/figure>\n\t\t\t\t\t\t<figure>\n\t\t\t\t\t\t\t<img loading=\"lazy\" decoding=\"async\" src=\"https:\/\/vemove.de\/wp-content\/uploads\/2024\/01\/Euromaster.jpg\" alt=\"\" srcset=\"https:\/\/vemove.de\/wp-content\/uploads\/2024\/01\/Euromaster.jpg 328w, https:\/\/vemove.de\/wp-content\/uploads\/2024\/01\/Euromaster-300x69.jpg 300w\" width=\"328\" height=\"75\" \/>\n\t\t\t\t\t\t\t\t\t\t\t\t\t<\/figure>\n\t\t\t\t\t\t<figure>\n\t\t\t\t\t\t\t<img loading=\"lazy\" decoding=\"async\" src=\"https:\/\/vemove.de\/wp-content\/uploads\/2024\/01\/anag-1.png\" alt=\"\" srcset=\"https:\/\/vemove.de\/wp-content\/uploads\/2024\/01\/anag-1.png 372w, https:\/\/vemove.de\/wp-content\/uploads\/2024\/01\/anag-1-300x60.png 300w\" width=\"372\" height=\"75\" \/>\n\t\t\t\t\t\t\t\t\t\t\t\t\t<\/figure>\n\t\t\t\t\t\t<figure>\n\t\t\t\t\t\t\t<img loading=\"lazy\" decoding=\"async\" src=\"https:\/\/vemove.de\/wp-content\/uploads\/2024\/01\/Tier.png\" alt=\"\" srcset=\"https:\/\/vemove.de\/wp-content\/uploads\/2024\/01\/Tier.png 411w, https:\/\/vemove.de\/wp-content\/uploads\/2024\/01\/Tier-300x55.png 300w\" width=\"411\" height=\"75\" \/>\n\t\t\t\t\t\t\t\t\t\t\t\t\t<\/figure>\n\t\t\t\t\t\t<figure>\n\t\t\t\t\t\t\t<img loading=\"lazy\" decoding=\"async\" src=\"https:\/\/vemove.de\/wp-content\/uploads\/2024\/09\/arndt-removebg-preview.png\" alt=\"\" srcset=\"https:\/\/vemove.de\/wp-content\/uploads\/2024\/09\/arndt-removebg-preview.png 417w, https:\/\/vemove.de\/wp-content\/uploads\/2024\/09\/arndt-removebg-preview-300x98.png 300w\" width=\"417\" height=\"136\" \/>\n\t\t\t\t\t\t\t\t\t\t\t\t\t<\/figure>\n\t\t\t\t\t\t<figure>\n\t\t\t\t\t\t\t<img loading=\"lazy\" decoding=\"async\" src=\"https:\/\/vemove.de\/wp-content\/uploads\/2024\/01\/Europcar.jpg\" alt=\"\" width=\"294\" height=\"75\" \/>\n\t\t\t\t\t\t\t\t\t\t\t\t\t<\/figure>\n\t\t\t\t\t\t<figure>\n\t\t\t\t\t\t\t<img loading=\"lazy\" decoding=\"async\" src=\"https:\/\/vemove.de\/wp-content\/uploads\/2024\/03\/NIO_logo.png\" alt=\"NIO\" srcset=\"https:\/\/vemove.de\/wp-content\/uploads\/2024\/03\/NIO_logo.png 800w, https:\/\/vemove.de\/wp-content\/uploads\/2024\/03\/NIO_logo-300x112.png 300w, https:\/\/vemove.de\/wp-content\/uploads\/2024\/03\/NIO_logo-768x286.png 768w\" width=\"800\" height=\"298\" \/>\n\t\t\t\t\t\t\t\t\t\t\t\t\t<\/figure>\n\t\t\t\t\t\t<figure>\n\t\t\t\t\t\t\t<img loading=\"lazy\" decoding=\"async\" src=\"https:\/\/vemove.de\/wp-content\/uploads\/2024\/01\/Stellantis.png\" alt=\"\" srcset=\"https:\/\/vemove.de\/wp-content\/uploads\/2024\/01\/Stellantis.png 354w, https:\/\/vemove.de\/wp-content\/uploads\/2024\/01\/Stellantis-300x64.png 300w\" width=\"354\" height=\"75\" \/>\n\t\t\t\t\t\t\t\t\t\t\t\t\t<\/figure>\n\t\t\t\t\t\t<figure>\n\t\t\t\t\t\t\t<img loading=\"lazy\" decoding=\"async\" src=\"https:\/\/vemove.de\/wp-content\/uploads\/2024\/01\/coxautomotive.png\" alt=\"\" srcset=\"https:\/\/vemove.de\/wp-content\/uploads\/2024\/01\/coxautomotive.png 417w, https:\/\/vemove.de\/wp-content\/uploads\/2024\/01\/coxautomotive-300x54.png 300w\" width=\"417\" height=\"75\" \/>\n\t\t\t\t\t\t\t\t\t\t\t\t\t<\/figure>\n\t\t\t\t\t\t<figure>\n\t\t\t\t\t\t\t<img loading=\"lazy\" decoding=\"async\" src=\"https:\/\/vemove.de\/wp-content\/uploads\/2024\/01\/fleetpool-1.png\" alt=\"\" width=\"227\" height=\"75\" \/>\n\t\t\t\t\t\t\t\t\t\t\t\t\t<\/figure>\n\t\t\t\t\t\t<figure>\n\t\t\t\t\t\t\t<img loading=\"lazy\" decoding=\"async\" src=\"https:\/\/vemove.de\/wp-content\/uploads\/2024\/03\/openlane-logo.png\" alt=\"\" width=\"234\" height=\"55\" \/>\n\t\t\t\t\t\t\t\t\t\t\t\t\t<\/figure>\n\t\t\t\t\t\t<figure>\n\t\t\t\t\t\t\t<img loading=\"lazy\" decoding=\"async\" src=\"https:\/\/vemove.de\/wp-content\/uploads\/2024\/09\/Screenshot-2024-09-18-084744.png\" alt=\"\" srcset=\"https:\/\/vemove.de\/wp-content\/uploads\/2024\/09\/Screenshot-2024-09-18-084744.png 900w, https:\/\/vemove.de\/wp-content\/uploads\/2024\/09\/Screenshot-2024-09-18-084744-300x125.png 300w, https:\/\/vemove.de\/wp-content\/uploads\/2024\/09\/Screenshot-2024-09-18-084744-768x321.png 768w\" width=\"900\" height=\"376\" \/>\n\t\t\t\t\t\t\t\t\t\t\t\t\t<\/figure>\n\t\t\t\t\t\t<figure>\n\t\t\t\t\t\t\t<img loading=\"lazy\" decoding=\"async\" src=\"https:\/\/vemove.de\/wp-content\/uploads\/2024\/01\/schnitzler-1.png\" alt=\"\" width=\"264\" height=\"75\" \/>\n\t\t\t\t\t\t\t\t\t\t\t\t\t<\/figure>\n\t\t\t\t\t\t<figure>\n\t\t\t\t\t\t\t<img loading=\"lazy\" decoding=\"async\" src=\"https:\/\/vemove.de\/wp-content\/uploads\/2024\/01\/Autoproff.png\" alt=\"\" srcset=\"https:\/\/vemove.de\/wp-content\/uploads\/2024\/01\/Autoproff.png 481w, https:\/\/vemove.de\/wp-content\/uploads\/2024\/01\/Autoproff-300x47.png 300w\" width=\"481\" height=\"75\" \/>\n\t\t\t\t\t\t\t\t\t\t\t\t\t<\/figure>\n\t\t\t\t\t\t<figure>\n\t\t\t\t\t\t\t<img loading=\"lazy\" decoding=\"async\" src=\"https:\/\/vemove.de\/wp-content\/uploads\/2024\/03\/BYD_Auto_2022_logo.png\" alt=\"BYD\" srcset=\"https:\/\/vemove.de\/wp-content\/uploads\/2024\/03\/BYD_Auto_2022_logo.png 800w, https:\/\/vemove.de\/wp-content\/uploads\/2024\/03\/BYD_Auto_2022_logo-300x75.png 300w, https:\/\/vemove.de\/wp-content\/uploads\/2024\/03\/BYD_Auto_2022_logo-768x192.png 768w\" width=\"800\" height=\"200\" \/>\n\t\t\t\t\t\t\t\t\t\t\t\t\t<\/figure>\n\t\t\t\t\t<h2>\n\t\tIn nur 5 Schritten zum neuen Transportauftrag\n\t<\/h2>\n\t\t<ul>\n\t\t\t\t\t<li>\n\t\t\t\t<p>Konto er\u00f6ffnen \/ Anmelden<\/p>\n\t\t\t<\/li>\n\t\t\t\t\t<li>\n\t\t\t\t<p>Transportauftr\u00e4ge ansehen &#038; Gebote abgeben<\/p>\n\t\t\t<\/li>\n\t\t\t\t\t<li>\n\t\t\t\t<p>Auftrag erhalten<\/p>\n\t\t\t<\/li>\n\t\t\t\t\t<li>\n\t\t\t\t<p>Fahrzeuge transportieren<\/p>\n\t\t\t<\/li>\n\t\t\t\t\t<li>\n\t\t\t\t<p>Unkomplizierte Bezahlung<\/p>\n\t\t\t<\/li>\n\t\t\t\t<\/ul>\n<h2>\n\t\tIhre Vorteile auf einen Blick\n\t<\/h2>\n\t\t<h4>Verwaltung aller Transporte an einem Ort<\/h4>\n\t\t<h4>Alle Angebote auf einem Blick<\/h4>\n\t\t<h4>T\u00e4glich neue Transportangebote<\/h4>\n\t\t<h4>\u00dcbersichtliche Dokumentenverwaltung<\/h4>\n\t\t<h4>Einfache Kommunikation<br \/>&nbsp;<\/h4>\n\t\t<h4>Fahrzeugsch\u00e4den dokumentierbar<\/h4>\n\t\t\t\t<img loading=\"lazy\" decoding=\"async\" src=\"https:\/\/vemove.de\/wp-content\/uploads\/2024\/03\/vemove-app-643x1024.png\" alt=\"vemove-app\" itemprop=\"image\" height=\"1024\" width=\"643\" title=\"vemove-app\" onerror=\"this.style.display='none'\"  \/>\n<h2>\n\t\tJetzt alle Vorteile sichern!\n\t<\/h2>\n\t\t\t<a href=\"https:\/\/www.vemove.pro\/sign_up\" target=\"_blank\" rel=\"noopener\">\n\t\t\t\t\t\t\tDriver-Konto er\u00f6ffnen\n\t\t\t\t\t<\/a>\n\t\t\t<a href=\"https:\/\/calendly.com\/vemove\/vemove-de-vorstellung\" target=\"_blank\" rel=\"noopener\">\n\t\t\t\t\t\t\tTermin vereinbaren\n\t\t\t\t\t<\/a>\n\t\t\t\t<img loading=\"lazy\" decoding=\"async\" src=\"https:\/\/vemove.de\/wp-content\/uploads\/2024\/03\/vemove-fahrzeuglogistik.jpg\" alt=\"vemove-fahrzeuglogistik\" itemprop=\"image\" height=\"801\" width=\"1200\" title=\"vemove-fahrzeuglogistik\" onerror=\"this.style.display='none'\"  \/>\n<h2>\n\t\tMit vemove Ihre Ums\u00e4tze steigern\n\t<\/h2>\n\t<p>Vemove bietet eine Vielzahl von Vorteilen, die es ihnen erm\u00f6glichen, Ihre Betriebsabl\u00e4ufe zu optimieren und Ihre Effizienz zu steigern.<\/p>\n<p>Von der Angebotsabgabe bis zur Frachtabwicklung erm\u00f6glicht unsere Plattform einen reibungslosen Prozess, der Zeit und Ressourcen spart. Sie k\u00f6nnen Ihre Fahrzeugauslastung maximieren und Leerfahrten reduzieren &#8211; w\u00e4hlen Sie die Routen aus, die am besten zu Ihnen passen.<\/p>\n<p>Unser Dashboard bietet Ihnen die perfekte L\u00f6sung, um Ihren Fahrzeugtransport m\u00fchelos zu verwalten. Sie haben Zugriff auf alle wichtigen Informationen und Funktionen, die Sie ben\u00f6tigen, um Ihre Auftr\u00e4ge erfolgreich abzuwickeln und die Dokumente hochzuladen.<\/p>\n<h2>\n\t\tAngebote auf unserem Marktplatz\n\t<\/h2>\n\t<p>Strecke<\/p>\n\t<p>Berlin &#8211; Frankfurt am Main<\/p>\n\t<p>Fahrzeuge<\/p>\n\t<p>8<\/p>\n\t<p>Entfernung<\/p>\n\t<p>564 km<\/p>\n\t<p>Preis<\/p>\n\t\t\t<a href=\"https:\/\/www.vemove.pro\/sign_up\" target=\"_blank\" rel=\"noopener\">\n\t\t\t\t\t\t\tCheck\n\t\t\t\t\t<\/a>\n\t<p>Strecke<\/p>\n\t<p>Bratislava &#8211; Regensburg<\/p>\n\t<p>Fahrzeuge<\/p>\n\t<p>8<\/p>\n\t<p>Entfernung<\/p>\n\t<p>481 km<\/p>\n\t<p>Preis<\/p>\n\t\t\t<a href=\"https:\/\/www.vemove.pro\/sign_up\" target=\"_blank\" rel=\"noopener\">\n\t\t\t\t\t\t\tCheck\n\t\t\t\t\t<\/a>\n\t<p>Strecke<\/p>\n\t<p>Stuttgart &#8211; Hamburg<\/p>\n\t<p>Fahrzeuge<\/p>\n\t<p>7<\/p>\n\t<p>Entfernung<\/p>\n\t<p>656 km<\/p>\n\t<p>Preis<\/p>\n\t\t\t<a href=\"https:\/\/www.vemove.pro\/sign_up\" target=\"_blank\" rel=\"noopener\">\n\t\t\t\t\t\t\tCheck\n\t\t\t\t\t<\/a>\n\t<p>Strecke<\/p>\n\t<p>M\u00fcnchen &#8211; D\u00fcsseldorf<\/p>\n\t<p>Fahrzeuge<\/p>\n\t<p>12<\/p>\n\t<p>Entfernung<\/p>\n\t<p>633 km<\/p>\n\t<p>Preis<\/p>\n\t\t\t<a href=\"https:\/\/www.vemove.pro\/sign_up\" target=\"_blank\" rel=\"noopener\">\n\t\t\t\t\t\t\tCheck\n\t\t\t\t\t<\/a>\n<h2>\n\t\tJetzt einen Termin  mit unseren  Logistik-Experten vereinbaren\n\t<\/h2>\n\t\t\t<a href=\"https:\/\/calendly.com\/vemove\/vemove-de-vorstellung\" target=\"_blank\" rel=\"noopener\">\n\t\t\t\t\t\t\tTermin vereinbaren\n\t\t\t\t\t<\/a>\n\n","protected":false},"excerpt":{"rendered":"<p>In nur 5 Schritten zum neuen Transportauftrag Konto er\u00f6ffnen \/ Anmelden Transportauftr\u00e4ge ansehen &#038; Gebote abgeben Auftrag erhalten Fahrzeuge transportieren Unkomplizierte Bezahlung Ihre Vorteile auf einen Blick Verwaltung aller Transporte an einem Ort Alle Angebote auf einem Blick T\u00e4glich neue Transportangebote \u00dcbersichtliche Dokumentenverwaltung Einfache Kommunikation&nbsp; Fahrzeugsch\u00e4den dokumentierbar Jetzt alle Vorteile sichern! Driver-Konto er\u00f6ffnen Termin vereinbaren&hellip;<\/p>\n","protected":false},"author":1,"featured_media":0,"parent":0,"menu_order":2,"comment_status":"closed","ping_status":"closed","template":"","meta":{"content-type":"","footnotes":""},"class_list":["post-441","page","type-page","status-publish","hentry"],"_links":{"self":[{"href":"https:\/\/vemove.de\/en\/wp-json\/wp\/v2\/pages\/441","targetHints":{"allow":["GET"]}}],"collection":[{"href":"https:\/\/vemove.de\/en\/wp-json\/wp\/v2\/pages"}],"about":[{"href":"https:\/\/vemove.de\/en\/wp-json\/wp\/v2\/types\/page"}],"author":[{"embeddable":true,"href":"https:\/\/vemove.de\/en\/wp-json\/wp\/v2\/users\/1"}],"replies":[{"embeddable":true,"href":"https:\/\/vemove.de\/en\/wp-json\/wp\/v2\/comments?post=441"}],"version-history":[{"count":3,"href":"https:\/\/vemove.de\/en\/wp-json\/wp\/v2\/pages\/441\/revisions"}],"predecessor-version":[{"id":966,"href":"https:\/\/vemove.de\/en\/wp-json\/wp\/v2\/pages\/441\/revisions\/966"}],"wp:attachment":[{"href":"https:\/\/vemove.de\/en\/wp-json\/wp\/v2\/media?parent=441"}],"curies":[{"name":"wp","href":"https:\/\/api.w.org\/{rel}","templated":true}]}}